{"id":3,"date":"2023-07-07T17:17:50","date_gmt":"2023-07-07T20:17:50","guid":{"rendered":"https:\/\/noantri.com.br\/?page_id=3"},"modified":"2023-08-17T10:08:31","modified_gmt":"2023-08-17T13:08:31","slug":"politica-de-privacidade","status":"publish","type":"page","link":"https:\/\/noantri.com.br\/?page_id=3","title":{"rendered":"Pol\u00edtica de privacidade"},"content":{"rendered":"\t\t<div data-elementor-type=\"wp-page\" data-elementor-id=\"3\" class=\"elementor elementor-3\" data-elementor-post-type=\"page\">\n\t\t\t\t\t\t<section class=\"elementor-section elementor-top-section elementor-element elementor-element-0ddb462 elementor-section-boxed elementor-section-height-default elementor-section-height-default\" data-id=\"0ddb462\" data-element_type=\"section\">\n\t\t\t\t\t\t<div class=\"elementor-container elementor-column-gap-default\">\n\t\t\t\t\t<div class=\"elementor-column elementor-col-100 elementor-top-column elementor-element elementor-element-4855b8f\" data-id=\"4855b8f\" data-element_type=\"column\">\n\t\t\t<div class=\"elementor-widget-wrap elementor-element-populated\">\n\t\t\t\t\t\t\t<\/div>\n\t\t<\/div>\n\t\t\t\t\t<\/div>\n\t\t<\/section>\n\t\t\t\t<section class=\"elementor-section elementor-top-section elementor-element elementor-element-4ac6899 elementor-section-boxed elementor-section-height-default elementor-section-height-default\" data-id=\"4ac6899\" data-element_type=\"section\">\n\t\t\t\t\t\t<div class=\"elementor-container elementor-column-gap-default\">\n\t\t\t\t\t<div class=\"elementor-column elementor-col-100 elementor-top-column elementor-element elementor-element-066a73a\" data-id=\"066a73a\" data-element_type=\"column\">\n\t\t\t<div class=\"elementor-widget-wrap elementor-element-populated\">\n\t\t\t\t\t\t<div class=\"elementor-element elementor-element-daaef47 elementor-widget elementor-widget-text-editor\" data-id=\"daaef47\" data-element_type=\"widget\" data-widget_type=\"text-editor.default\">\n\t\t\t\t<div class=\"elementor-widget-container\">\n\t\t\t<style>\/*! elementor - v3.21.0 - 20-05-2024 *\/\n.elementor-widget-text-editor.elementor-drop-cap-view-stacked .elementor-drop-cap{background-color:#69727d;color:#fff}.elementor-widget-text-editor.elementor-drop-cap-view-framed .elementor-drop-cap{color:#69727d;border:3px solid;background-color:transparent}.elementor-widget-text-editor:not(.elementor-drop-cap-view-default) .elementor-drop-cap{margin-top:8px}.elementor-widget-text-editor:not(.elementor-drop-cap-view-default) .elementor-drop-cap-letter{width:1em;height:1em}.elementor-widget-text-editor .elementor-drop-cap{float:left;text-align:center;line-height:1;font-size:50px}.elementor-widget-text-editor .elementor-drop-cap-letter{display:inline-block}<\/style>\t\t\t\t<p>POL\u00cdTICA DE PRIVACIDADE<\/p><p>SE\u00c7\u00c3O 1 \u2013 O QUE FAREMOS COM ESTA INFORMA\u00c7\u00c3O?<\/p><p>Quando voc\u00ea acessa nosso site, tamb\u00e9m recebemos automaticamente o protocolo de internet do seu computador, endere\u00e7o de IP, a fim de obter informa\u00e7\u00f5es que nos ajudam a aprender sobre seu navegador e sistema operacional.<\/p><p>E-mail Marketing ser\u00e1 realizado apenas caso voc\u00ea permita. Nestes e-mails voc\u00ea poder\u00e1 receber not\u00edcia sobre nossa pousada, novas promo\u00e7\u00f5es e outras atualiza\u00e7\u00f5es.<\/p><p>SE\u00c7\u00c3O 2 \u2013 CONSENTIMENTO<\/p><p>Como voc\u00eas obt\u00eam meu consentimento?<\/p><p>Quando voc\u00ea fornece informa\u00e7\u00f5es pessoais como nome, telefone e endere\u00e7o, para completar qualquer cadastro. Ap\u00f3s a realiza\u00e7\u00e3o de a\u00e7\u00f5es entendemos que voc\u00ea est\u00e1 de acordo com a coleta de dados para serem utilizados pela nossa pousada.<\/p><p>Se pedimos por suas informa\u00e7\u00f5es pessoais por uma raz\u00e3o secund\u00e1ria, como marketing, vamos lhe pedir diretamente por seu consentimento, ou lhe fornecer a oportunidade de dizer n\u00e3o.<\/p><p>E caso voc\u00ea queira retirar seu consentimento, como proceder?<\/p><p>Se ap\u00f3s voc\u00ea nos fornecer seus dados, voc\u00ea mudar de ideia, voc\u00ea pode retirar o seu consentimento para que possamos entrar em contato, para a cole\u00e7\u00e3o de dados cont\u00ednua, uso ou divulga\u00e7\u00e3o de suas informa\u00e7\u00f5es, a qualquer momento, entrando em contato conosco em contato@noantri.com.br ou nos enviando uma correspond\u00eancia para: Rua Luiz Joaquim Pereira 124 Casa, B\u00fazios\/RJ &#8211; CEP 28950-000.<\/p><p>SE\u00c7\u00c3O 3 \u2013 DIVULGA\u00c7\u00c3O<\/p><p>Podemos divulgar suas informa\u00e7\u00f5es pessoais caso sejamos obrigados pela lei para faz\u00ea-lo ou se voc\u00ea violar nossos Termos de Servi\u00e7o.<\/p><p>SE\u00c7\u00c3O 4 \u2013 SEGURAN\u00c7A<\/p><p>Para proteger suas informa\u00e7\u00f5es pessoais, tomamos precau\u00e7\u00f5es razo\u00e1veis e seguimos as melhores pr\u00e1ticas da ind\u00fastria para nos certificar que elas n\u00e3o ser\u00e3o perdidas inadequadamente, usurpadas, acessadas, divulgadas, alteradas ou destru\u00eddas.<\/p><p>Se voc\u00ea nos fornece as suas informa\u00e7\u00f5es de cart\u00e3o de cr\u00e9dito, essa informa\u00e7\u00e3o \u00e9 criptografada usando tecnologia \u201csecure socket layer\u201d (SSL) e armazenada com uma criptografia AES-256. Embora nenhum m\u00e9todo de transmiss\u00e3o pela Internet ou armazenamento eletr\u00f4nico \u00e9 100% seguro, n\u00f3s seguimos todos os requisitos da PCI-DSS e implementamos padr\u00f5es adicionais geralmente aceitos pela ind\u00fastria.<\/p><p>SE\u00c7\u00c3O 5 \u2013 ALTERA\u00c7\u00d5ES PARA ESSA POL\u00cdTICA DE PRIVACIDADE<\/p><p>Reservamos o direito de modificar essa pol\u00edtica de privacidade a qualquer momento, ent\u00e3o por favor, revise-a com frequ\u00eancia. Altera\u00e7\u00f5es e esclarecimentos v\u00e3o surtir efeito imediatamente ap\u00f3s sua publica\u00e7\u00e3o no site. Se fizermos altera\u00e7\u00f5es de materiais para essa pol\u00edtica, iremos notific\u00e1-lo aqui que eles foram atualizados, para que voc\u00ea tenha ci\u00eancia sobre quais informa\u00e7\u00f5es coletamos, como as usamos, e sob que circunst\u00e2ncias, se alguma, usamos e\/ou divulgamos elas.<\/p><p>Se nossa empresa for adquirida ou fundida com outra empresa, suas informa\u00e7\u00f5es podem ser transferidas para os novos propriet\u00e1rios para que possamos continuar a nos comunicar com voc\u00ea.<\/p>\t\t\t\t\t\t<\/div>\n\t\t\t\t<\/div>\n\t\t\t\t\t<\/div>\n\t\t<\/div>\n\t\t\t\t\t<\/div>\n\t\t<\/section>\n\t\t\t\t<\/div>\n\t\t","protected":false},"excerpt":{"rendered":"<p>POL\u00cdTICA DE PRIVACIDADE SE\u00c7\u00c3O 1 \u2013 O QUE FAREMOS COM ESTA INFORMA\u00c7\u00c3O? Quando voc\u00ea acessa nosso site, tamb\u00e9m recebemos automaticamente o protocolo de internet do seu computador, endere\u00e7o de IP, a fim de obter informa\u00e7\u00f5es que nos ajudam a aprender sobre seu navegador e sistema operacional. E-mail Marketing ser\u00e1 realizado apenas caso voc\u00ea permita. Nestes [&hellip;]<\/p>\n","protected":false},"author":1,"featured_media":0,"parent":0,"menu_order":0,"comment_status":"closed","ping_status":"open","template":"","meta":{"footnotes":""},"class_list":["post-3","page","type-page","status-publish","hentry"],"_links":{"self":[{"href":"https:\/\/noantri.com.br\/index.php?rest_route=\/wp\/v2\/pages\/3","targetHints":{"allow":["GET"]}}],"collection":[{"href":"https:\/\/noantri.com.br\/index.php?rest_route=\/wp\/v2\/pages"}],"about":[{"href":"https:\/\/noantri.com.br\/index.php?rest_route=\/wp\/v2\/types\/page"}],"author":[{"embeddable":true,"href":"https:\/\/noantri.com.br\/index.php?rest_route=\/wp\/v2\/users\/1"}],"replies":[{"embeddable":true,"href":"https:\/\/noantri.com.br\/index.php?rest_route=%2Fwp%2Fv2%2Fcomments&post=3"}],"version-history":[{"count":50,"href":"https:\/\/noantri.com.br\/index.php?rest_route=\/wp\/v2\/pages\/3\/revisions"}],"predecessor-version":[{"id":13691,"href":"https:\/\/noantri.com.br\/index.php?rest_route=\/wp\/v2\/pages\/3\/revisions\/13691"}],"wp:attachment":[{"href":"https:\/\/noantri.com.br\/index.php?rest_route=%2Fwp%2Fv2%2Fmedia&parent=3"}],"curies":[{"name":"wp","href":"https:\/\/api.w.org\/{rel}","templated":true}]}}